{"id":6633,"date":"2026-02-26T12:15:33","date_gmt":"2026-02-26T12:15:33","guid":{"rendered":"https:\/\/mos.caesarstone.com\/silica-dust-warning\/"},"modified":"2026-02-26T13:52:02","modified_gmt":"2026-02-26T13:52:02","slug":"https-mos-caesarstone-com-fr-silica-dust-warning","status":"publish","type":"page","link":"https:\/\/mos.caesarstone.com\/fr\/https-mos-caesarstone-com-fr-silica-dust-warning\/","title":{"rendered":"AVERTISSEMENT CONCERNANT LA POUSSI\u00c8RE DE SILICE"},"content":{"rendered":"\n<section class=\"article-hero post-content has-bg-image\" id=\"block_f0d5f5997e622ba6ba831684e9de02f7\">\n\t<picture><source srcset=\"https:\/\/mos.caesarstone.com\/wp-content\/uploads\/sites\/4\/2026\/02\/banner3-2.jpg\" media=\"(min-width: 768px)\"><source srcset=\"https:\/\/mos.caesarstone.com\/wp-content\/uploads\/sites\/4\/2025\/06\/Good_Practice_Guide_306X495.webp\" media=\"(min-width: 320px)\"><img decoding=\"async\" src=\"https:\/\/mos.caesarstone.com\/wp-content\/uploads\/sites\/4\/2026\/02\/banner3-2.jpg\" alt=\"Fabricator wearing safety gear \u2014 respirator mask, goggles, ear protection, and apron \u2014 representing Caesarstone\u2019s Good Practice Guide for safe fabrication.\"><\/picture>    <div class=\"article-hero-inner\">\n        <div class=\"article-hero-inner-left\">\n\t\t\t\n            <div class=\"text\">\n\t\t\t\t\t\t\t\t                \n\n<h1 class=\"wp-block-heading\" id=\"h-avertissement-concernant-la-poussiere-de-silice\">AVERTISSEMENT CONCERNANT LA POUSSI\u00c8RE DE SILICE<\/h1>\n\n\n            <\/div>\n\n\t\t\t        <\/div>\n\n\t\t    <\/div>\n<\/section>\n\n\n<section class=\"article-content\" id=\"block_12bd7d15115772802469576aa3088f8f\">\n    <div class=\"article-content-inner\">\n        \n\n<div class=\"article-content-inner-left post-content\">\n    <div class=\"inner-content\">\n        \n\n<p>Comme vous le savez, les surfaces Caesarstone contiennent des min\u00e9raux silicat\u00e9s, tels que la silice cristalline (SiO2). Pour obtenir des informations compl\u00e8tes sur les composants des surfaces, les risques li\u00e9s \u00e0 leur fabrication et les mesures de s\u00e9curit\u00e9 \u00e0 prendre, veuillez consulter:&nbsp;<\/p>\n\n\n\n<p><a href=\"https:\/\/qr.caesarstone.com\/safety-data-sheet\" rel=\"\" target=\"_blank\" class=\"btn btn-underline\"><strong>la fiche de donn\u00e9es de s\u00e9curit\u00e9 (FDS) de Caesarstone<\/strong>\u00a0<\/a><\/p>\n\n\n\n<p>Les surfaces Caesarstone ne pr\u00e9sentent aucun danger dans leur \u00e9tat d\u2019exp\u00e9dition ni lorsqu&rsquo;elles sont utilis\u00e9es par les consommateurs finaux. Cependant, leur fabrication, notamment la d\u00e9coupe, le meulage, le polissage, le fa\u00e7onnage, etc., implique la production de poussi\u00e8res dangereuses contenant de la silice cristalline (SiO2).<\/p>\n\n\n\n<p><strong><strong>LES TRAVAILLEURS QUI INHALENT CES POUSSI\u00c8RES DANGEREUSES LORS DE LA FABRICATION ET DE L&rsquo;INSTALLATION SONT EXPOS\u00c9S \u00c0 DES RISQUES POUR LA SANT\u00c9, TELS QUE : SILICOSE (MALADIE PULMONAIRE INCURABLE, PROGRESSIVEMENT INVALIDANTE ET PARFOIS MORTELLE), CANCER DU POUMON, MALADIE PULMONAIRE OBSTRUCTIVE CHRONIQUE (MPOC), MALADIE R\u00c9NALE ET AUTRES PROBL\u00c8MES DE SANT\u00c9.&nbsp;CES PROBL\u00c8MES DE SANT\u00c9 PEUVENT \u00caTRE \u00c9VIT\u00c9S SI LES MESURES DE S\u00c9CURIT\u00c9 REQUISES SONT MISES EN \u0152UVRE.<\/strong><\/strong><\/p>\n\n\n\n<p>Tout type de travail de fabrication des surfaces Caesarstone n\u00e9cessite le strict respect des lois, r\u00e9glementations, normes et pratiques en mati\u00e8re de sant\u00e9 et de s\u00e9curit\u00e9 (telles que la surveillance de l&rsquo;air, la surveillance m\u00e9dicale, la formation, les contr\u00f4les techniques et les \u00e9quipements de protection individuelle [EPI], etc.). Les employeurs doivent s&rsquo;assurer que leurs employ\u00e9s sont correctement prot\u00e9g\u00e9s contre l&rsquo;exposition \u00e0 la poussi\u00e8re de silice et, \u00e0 cette fin, doivent consulter un sp\u00e9cialiste de la sant\u00e9 et de la s\u00e9curit\u00e9.<\/p>\n\n\n\n<p>Toute personne qui distribue des produits Caesarstone \u00e0 des fabricants doit les informer de l&rsquo;importance de leur responsabilit\u00e9 de fournir un environnement de travail s\u00fbr \u00e0 tous leurs employ\u00e9s et sous-traitants et de se conformer \u00e0 toutes les lois et r\u00e9glementations applicables. Des informations sur les pratiques, les lois et les r\u00e9glementations en mati\u00e8re de sant\u00e9 et de s\u00e9curit\u00e9 sont disponibles, entre autres, \u00e0 l&rsquo;adresse suivante:<\/p>\n\n\n\n<p><strong><a href=\"https:\/\/mos.caesarstone.com\/fr\/health-and-safety\/guide-des-bonnes-pratiques\/\" rel=\"\" target=\"_blank\" class=\"btn btn-underline\">Guide des bonnes pratiques<\/a><\/strong><\/p>\n\n\n\n<p><strong><a href=\"https:\/\/www.osha.gov\/sites\/default\/files\/publications\/silica-hazard-alert.pdf\" rel=\"\" target=\"_blank\" class=\"btn btn-underline\">Analyse des risques li\u00e9s \u00e0 la silice<\/a><\/strong><\/p>\n\n\n\n<p><strong><a href=\"https:\/\/www.osha.gov\/sites\/default\/files\/publications\/OSHA3768.pdf\" rel=\"\" target=\"_blank\" class=\"btn btn-underline\">Alerte sur les risques li\u00e9s \u00e0 la silice<\/a><\/strong><\/p>\n\n\n\n<p><strong><a href=\"https:\/\/www.cdc.gov\/niosh\/docs\/96-112\/\" rel=\"\" target=\"_blank\" class=\"btn btn-underline\">Fiche d&rsquo;information sur la silice \u00e0 l&rsquo;intention des employeurs<\/a><\/strong><\/p>\n\n\n\n<p><strong><a href=\"https:\/\/guide.nepsi.eu\/\" rel=\"\" target=\"_blank\" class=\"btn btn-underline\">NIOSH \/ NEPSI \u2013 Guide des bonnes pratiques<\/a><\/strong><\/p>\n\n\n\n<p>Si vous avez des questions concernant la fiche de donn\u00e9es de s\u00e9curit\u00e9 ou l&rsquo;\u00e9tiquette d&rsquo;avertissement, veuillez contacter <br>Caesarstone au <a rel=\"\" href=\"tel:+972-4-610-9368\" target=\"_blank\" class=\"btn btn-underline\">+972-4-610-9368<\/a> ou \u00e0 l&rsquo;adresse <a rel=\"\" href=\"mailto:sdsinfo@caesarstone.com\" target=\"_blank\" class=\"btn btn-underline\">sdsinfo@caesarstone.com<\/a>.<\/p>\n\n\n    <\/div>\n<\/div> \n\n    <\/div>\n<\/section>","protected":false},"excerpt":{"rendered":"","protected":false},"author":17,"featured_media":6634,"parent":0,"menu_order":0,"comment_status":"closed","ping_status":"closed","template":"","meta":{"_acf_changed":false,"footnotes":""},"class_list":["post-6633","page","type-page","status-publish","has-post-thumbnail","hentry"],"acf":[],"ams_acf":[{"key":"use_custom_logos","label":"Use custom logos","value":false},{"key":"header_color","label":"Header color","value":"white"},{"key":"alignment","label":"Alignment","value":false}],"yoast_head":"<!-- This site is optimized with the Yoast SEO Premium plugin v26.2 (Yoast SEO v26.2) - https:\/\/yoast.com\/wordpress\/plugins\/seo\/ -->\n<title>AVERTISSEMENT CONCERNANT LA POUSSI\u00c8RE DE SILICE | Master of Stone FR<\/title>\n<meta name=\"robots\" content=\"index, follow, max-snippet:-1, max-image-preview:large, max-video-preview:-1\" \/>\n<link rel=\"canonical\" href=\"https:\/\/mos.caesarstone.com\/fr\/https-mos-caesarstone-com-fr-silica-dust-warning\/\" \/>\n<meta property=\"og:locale\" content=\"fr_FR\" \/>\n<meta property=\"og:type\" content=\"article\" \/>\n<meta property=\"og:title\" content=\"AVERTISSEMENT CONCERNANT LA POUSSI\u00c8RE DE SILICE\" \/>\n<meta property=\"og:url\" content=\"https:\/\/mos.caesarstone.com\/fr\/https-mos-caesarstone-com-fr-silica-dust-warning\/\" \/>\n<meta property=\"og:site_name\" content=\"Master of Stone FR\" \/>\n<meta property=\"article:modified_time\" content=\"2026-02-26T13:52:02+00:00\" \/>\n<meta property=\"og:image\" content=\"https:\/\/mos.caesarstone.com\/wp-content\/uploads\/sites\/4\/2026\/02\/guia_de_buenas_practicas-2.jpg\" \/>\n\t<meta property=\"og:image:width\" content=\"1920\" \/>\n\t<meta property=\"og:image:height\" content=\"1138\" \/>\n\t<meta property=\"og:image:type\" content=\"image\/jpeg\" \/>\n<meta name=\"twitter:card\" content=\"summary_large_image\" \/>\n<meta name=\"twitter:label1\" content=\"Dur\u00e9e de lecture estim\u00e9e\" \/>\n\t<meta name=\"twitter:data1\" content=\"3 minutes\" \/>\n<script type=\"application\/ld+json\" class=\"yoast-schema-graph\">{\"@context\":\"https:\/\/schema.org\",\"@graph\":[{\"@type\":\"WebPage\",\"@id\":\"https:\/\/mos.caesarstone.com\/fr\/https-mos-caesarstone-com-fr-silica-dust-warning\/\",\"url\":\"https:\/\/mos.caesarstone.com\/fr\/https-mos-caesarstone-com-fr-silica-dust-warning\/\",\"name\":\"AVERTISSEMENT CONCERNANT LA POUSSI\u00c8RE DE SILICE | Master of Stone FR\",\"isPartOf\":{\"@id\":\"https:\/\/mos.caesarstone.com\/fr\/#website\"},\"primaryImageOfPage\":{\"@id\":\"https:\/\/mos.caesarstone.com\/fr\/https-mos-caesarstone-com-fr-silica-dust-warning\/#primaryimage\"},\"image\":{\"@id\":\"https:\/\/mos.caesarstone.com\/fr\/https-mos-caesarstone-com-fr-silica-dust-warning\/#primaryimage\"},\"thumbnailUrl\":\"https:\/\/mos.caesarstone.com\/wp-content\/uploads\/sites\/4\/2026\/02\/guia_de_buenas_practicas-2.jpg\",\"datePublished\":\"2026-02-26T12:15:33+00:00\",\"dateModified\":\"2026-02-26T13:52:02+00:00\",\"breadcrumb\":{\"@id\":\"https:\/\/mos.caesarstone.com\/fr\/https-mos-caesarstone-com-fr-silica-dust-warning\/#breadcrumb\"},\"inLanguage\":\"fr-FR\",\"potentialAction\":[{\"@type\":\"ReadAction\",\"target\":[\"https:\/\/mos.caesarstone.com\/fr\/https-mos-caesarstone-com-fr-silica-dust-warning\/\"]}]},{\"@type\":\"ImageObject\",\"inLanguage\":\"fr-FR\",\"@id\":\"https:\/\/mos.caesarstone.com\/fr\/https-mos-caesarstone-com-fr-silica-dust-warning\/#primaryimage\",\"url\":\"https:\/\/mos.caesarstone.com\/wp-content\/uploads\/sites\/4\/2026\/02\/guia_de_buenas_practicas-2.jpg\",\"contentUrl\":\"https:\/\/mos.caesarstone.com\/wp-content\/uploads\/sites\/4\/2026\/02\/guia_de_buenas_practicas-2.jpg\",\"width\":1920,\"height\":1138,\"caption\":\"Fabricator wearing safety gear \u2014 respirator mask, goggles, ear protection, and apron \u2014 representing Caesarstone\u2019s Good Practice Guide for safe fabrication.\"},{\"@type\":\"BreadcrumbList\",\"@id\":\"https:\/\/mos.caesarstone.com\/fr\/https-mos-caesarstone-com-fr-silica-dust-warning\/#breadcrumb\",\"itemListElement\":[{\"@type\":\"ListItem\",\"position\":1,\"item\":{\"@type\":\"WebPage\",\"@id\":\"https:\/\/mos.caesarstone.com\/fr\/\",\"url\":\"https:\/\/mos.caesarstone.com\/fr\/\",\"name\":\"Accueil\"}},{\"@type\":\"ListItem\",\"position\":1,\"item\":{\"@type\":\"WebPage\",\"@id\":\"https:\/\/mos.caesarstone.com\/fr\/https-mos-caesarstone-com-fr-silica-dust-warning\/\",\"name\":\"AVERTISSEMENT CONCERNANT LA POUSSI\u00c8RE DE SILICE\"}}]},{\"@type\":\"WebSite\",\"@id\":\"https:\/\/mos.caesarstone.com\/fr\/#website\",\"url\":\"https:\/\/mos.caesarstone.com\/fr\/\",\"name\":\"Master of Stone\",\"description\":\"\",\"potentialAction\":[{\"@type\":\"SearchAction\",\"target\":{\"@type\":\"EntryPoint\",\"urlTemplate\":\"https:\/\/mos.caesarstone.com\/fr\/?s={search_term_string}\"},\"query-input\":{\"@type\":\"PropertyValueSpecification\",\"valueRequired\":true,\"valueName\":\"search_term_string\"}}],\"inLanguage\":\"fr-FR\"}]}<\/script>\n<!-- \/ Yoast SEO Premium plugin. -->","yoast_head_json":{"title":"AVERTISSEMENT CONCERNANT LA POUSSI\u00c8RE DE SILICE | Master of Stone FR","robots":{"index":"index","follow":"follow","max-snippet":"max-snippet:-1","max-image-preview":"max-image-preview:large","max-video-preview":"max-video-preview:-1"},"canonical":"https:\/\/mos.caesarstone.com\/fr\/https-mos-caesarstone-com-fr-silica-dust-warning\/","og_locale":"fr_FR","og_type":"article","og_title":"AVERTISSEMENT CONCERNANT LA POUSSI\u00c8RE DE SILICE","og_url":"https:\/\/mos.caesarstone.com\/fr\/https-mos-caesarstone-com-fr-silica-dust-warning\/","og_site_name":"Master of Stone FR","article_modified_time":"2026-02-26T13:52:02+00:00","og_image":[{"width":1920,"height":1138,"url":"https:\/\/mos.caesarstone.com\/wp-content\/uploads\/sites\/4\/2026\/02\/guia_de_buenas_practicas-2.jpg","type":"image\/jpeg"}],"twitter_card":"summary_large_image","twitter_misc":{"Dur\u00e9e de lecture estim\u00e9e":"3 minutes"},"schema":{"@context":"https:\/\/schema.org","@graph":[{"@type":"WebPage","@id":"https:\/\/mos.caesarstone.com\/fr\/https-mos-caesarstone-com-fr-silica-dust-warning\/","url":"https:\/\/mos.caesarstone.com\/fr\/https-mos-caesarstone-com-fr-silica-dust-warning\/","name":"AVERTISSEMENT CONCERNANT LA POUSSI\u00c8RE DE SILICE | Master of Stone FR","isPartOf":{"@id":"https:\/\/mos.caesarstone.com\/fr\/#website"},"primaryImageOfPage":{"@id":"https:\/\/mos.caesarstone.com\/fr\/https-mos-caesarstone-com-fr-silica-dust-warning\/#primaryimage"},"image":{"@id":"https:\/\/mos.caesarstone.com\/fr\/https-mos-caesarstone-com-fr-silica-dust-warning\/#primaryimage"},"thumbnailUrl":"https:\/\/mos.caesarstone.com\/wp-content\/uploads\/sites\/4\/2026\/02\/guia_de_buenas_practicas-2.jpg","datePublished":"2026-02-26T12:15:33+00:00","dateModified":"2026-02-26T13:52:02+00:00","breadcrumb":{"@id":"https:\/\/mos.caesarstone.com\/fr\/https-mos-caesarstone-com-fr-silica-dust-warning\/#breadcrumb"},"inLanguage":"fr-FR","potentialAction":[{"@type":"ReadAction","target":["https:\/\/mos.caesarstone.com\/fr\/https-mos-caesarstone-com-fr-silica-dust-warning\/"]}]},{"@type":"ImageObject","inLanguage":"fr-FR","@id":"https:\/\/mos.caesarstone.com\/fr\/https-mos-caesarstone-com-fr-silica-dust-warning\/#primaryimage","url":"https:\/\/mos.caesarstone.com\/wp-content\/uploads\/sites\/4\/2026\/02\/guia_de_buenas_practicas-2.jpg","contentUrl":"https:\/\/mos.caesarstone.com\/wp-content\/uploads\/sites\/4\/2026\/02\/guia_de_buenas_practicas-2.jpg","width":1920,"height":1138,"caption":"Fabricator wearing safety gear \u2014 respirator mask, goggles, ear protection, and apron \u2014 representing Caesarstone\u2019s Good Practice Guide for safe fabrication."},{"@type":"BreadcrumbList","@id":"https:\/\/mos.caesarstone.com\/fr\/https-mos-caesarstone-com-fr-silica-dust-warning\/#breadcrumb","itemListElement":[{"@type":"ListItem","position":1,"item":{"@type":"WebPage","@id":"https:\/\/mos.caesarstone.com\/fr\/","url":"https:\/\/mos.caesarstone.com\/fr\/","name":"Accueil"}},{"@type":"ListItem","position":1,"item":{"@type":"WebPage","@id":"https:\/\/mos.caesarstone.com\/fr\/https-mos-caesarstone-com-fr-silica-dust-warning\/","name":"AVERTISSEMENT CONCERNANT LA POUSSI\u00c8RE DE SILICE"}}]},{"@type":"WebSite","@id":"https:\/\/mos.caesarstone.com\/fr\/#website","url":"https:\/\/mos.caesarstone.com\/fr\/","name":"Master of Stone","description":"","potentialAction":[{"@type":"SearchAction","target":{"@type":"EntryPoint","urlTemplate":"https:\/\/mos.caesarstone.com\/fr\/?s={search_term_string}"},"query-input":{"@type":"PropertyValueSpecification","valueRequired":true,"valueName":"search_term_string"}}],"inLanguage":"fr-FR"}]}},"_links":{"self":[{"href":"https:\/\/mos.caesarstone.com\/fr\/wp-json\/wp\/v2\/pages\/6633","targetHints":{"allow":["GET"]}}],"collection":[{"href":"https:\/\/mos.caesarstone.com\/fr\/wp-json\/wp\/v2\/pages"}],"about":[{"href":"https:\/\/mos.caesarstone.com\/fr\/wp-json\/wp\/v2\/types\/page"}],"author":[{"embeddable":true,"href":"https:\/\/mos.caesarstone.com\/fr\/wp-json\/wp\/v2\/users\/17"}],"replies":[{"embeddable":true,"href":"https:\/\/mos.caesarstone.com\/fr\/wp-json\/wp\/v2\/comments?post=6633"}],"version-history":[{"count":6,"href":"https:\/\/mos.caesarstone.com\/fr\/wp-json\/wp\/v2\/pages\/6633\/revisions"}],"predecessor-version":[{"id":6660,"href":"https:\/\/mos.caesarstone.com\/fr\/wp-json\/wp\/v2\/pages\/6633\/revisions\/6660"}],"wp:featuredmedia":[{"embeddable":true,"href":"https:\/\/mos.caesarstone.com\/fr\/wp-json\/wp\/v2\/media\/6634"}],"wp:attachment":[{"href":"https:\/\/mos.caesarstone.com\/fr\/wp-json\/wp\/v2\/media?parent=6633"}],"curies":[{"name":"wp","href":"https:\/\/api.w.org\/{rel}","templated":true}]}}