{"id":4707,"date":"2025-09-17T09:50:33","date_gmt":"2025-09-17T09:50:33","guid":{"rendered":"https:\/\/mosstg2.caesarstone.com\/?page_id=4707"},"modified":"2025-10-20T08:38:31","modified_gmt":"2025-10-20T08:38:31","slug":"politique-dutilisation-des-temoins","status":"publish","type":"page","link":"https:\/\/mos.caesarstone.com\/fr\/politique-dutilisation-des-temoins\/","title":{"rendered":"Politique en mati\u00e8re de cookies"},"content":{"rendered":"\n<section class=\"article-hero post-content has-bg-image\" id=\"block_301161f28a2a6da45d47a2c205b0c546\">\n\t<picture><source srcset=\"https:\/\/mos.caesarstone.com\/wp-content\/uploads\/sites\/4\/2025\/09\/4643_flannel_grey_1_banner_1920x890px-1-3.jpg\" media=\"(min-width: 768px)\"><img decoding=\"async\" src=\"https:\/\/mos.caesarstone.com\/wp-content\/uploads\/sites\/4\/2025\/09\/4643_flannel_grey_1_banner_1920x890px-1-3.jpg\" alt=\"\"><\/picture>    <div class=\"article-hero-inner\">\n        <div class=\"article-hero-inner-left\">\n\t\t\t<div class=\"breadcrumbs-wrap\"><div class=\"breadcrumbs\"><a href=\"https:\/\/mos.caesarstone.com\/fr\/\">Accueil<\/a><span>\u00bb<\/span><span>Politique en mati\u00e8re de cookies<\/span><\/div><\/div>\n            <div class=\"text\">\n\t\t\t\t\t\t\t\t                \n            <\/div>\n\n\t\t\t        <\/div>\n\n\t\t    <\/div>\n<\/section>\n\n\n<section class=\"article-content\" id=\"block_abd9de3187321631115d6ffb56724b10\">\n    <div class=\"article-content-inner\">\n        \n\n<div class=\"article-content-inner-left post-content\">\n    <div class=\"inner-content\">\n        \n\n<p>Caesarstone LTD. et ses soci\u00e9t\u00e9s affili\u00e9es (collectivement,<strong> \u00ab&nbsp;Caesarstone \u00bb<\/strong> ou <strong>\u00ab nous \u00bb)<\/strong> utilisent diff\u00e9rents cookies sur ce site Web (le <strong>\u00ab site Web \u00bb).<\/strong><\/p>\n\n\n\n<p>Cette Politique en mati\u00e8re de cookies a \u00e9t\u00e9 cr\u00e9\u00e9e afin de vous fournir des informations sur les cookies et autres technologies similaires (<strong>\u00ab Cookies \u00bb) <\/strong>et sur la mani\u00e8re dont ils sont utilis\u00e9s par Caesarstone sur ce site Web. En cliquant sur \u00ab Accepter \u00bb dans la banni\u00e8re de cookies affich\u00e9e sur le site Web, vous acceptez l&rsquo;utilisation des cookies par Caesarstone conform\u00e9ment \u00e0 la pr\u00e9sente Politique en mati\u00e8re de cookies. Vous pouvez dans tous les cas les d\u00e9sactiver en suivant les instructions donn\u00e9es par la pr\u00e9sente Politique en mati\u00e8re de cookies, par exemple en modifiant les param\u00e8tres de votre navigateur afin que les cookies du site Web ne puissent pas \u00eatre stock\u00e9s sur votre ordinateur.<\/p>\n\n\n\n<p>Nous pouvons modifier cette Politique en mati\u00e8re de cookies de temps \u00e0 autre en mettant \u00e0 jour cette page. Nous vous recommandons vivement de consulter cette page de temps en temps pour vous assurer que les modifications vous conviennent.<\/p>\n\n\n\n<p><strong>1. \u00c0 propos des cookies<\/strong><\/p>\n\n\n\n<p>Les cookies permettent d&rsquo;offrir une meilleure exp\u00e9rience utilisateur, la rendant plus rapide et plus s\u00fbre.<\/p>\n\n\n\n<p>Les cookies sont de petits fichiers texte contenant une cha\u00eene de caract\u00e8res qui peuvent \u00eatre plac\u00e9s et stock\u00e9s sur votre appareil (par exemple, un ordinateur, une tablette ou un appareil mobile) ou qui sont int\u00e9gr\u00e9s de mani\u00e8re invisible \u00e0 des pages Web, et qui ont pour effet de vous identifier ou d\u2019identifier de mani\u00e8re unique votre navigateur ou votre appareil lorsque vous visitez un site Web, principalement \u00e0 des fins d&rsquo;archivage. Les cookies permettent \u00e0 un site Web de savoir si votre ordinateur ou votre appareil a d\u00e9j\u00e0 visit\u00e9 ce site Web, de sorte que vous n&rsquo;avez pas \u00e0 red\u00e9finir vos pr\u00e9f\u00e9rences chaque fois que vous revenez dessus ou que vous naviguez d&rsquo;une page \u00e0 l&rsquo;autre. Ils sont couramment utilis\u00e9s pour faire fonctionner les sites Web de mani\u00e8re plus efficace, ainsi que pour dresser un rapport des informations collect\u00e9es.Les cookies enregistrent des informations sur vos pr\u00e9f\u00e9rences en ligne et permettent \u00e0 Caesarstone d&rsquo;adapter l&rsquo;exp\u00e9rience utilisateur \u00e0 vos int\u00e9r\u00eats. Les informations fournies par les cookies peuvent aider Caesarstone \u00e0 analyser votre utilisation du site Web et \u00e0 vous offrir une meilleure exp\u00e9rience utilisateur. La plupart des cookies ne collectent pas d&rsquo;informations permettant de vous identifier personnellement. Ils recueilleront des informations plus g\u00e9n\u00e9rales, telles que la fa\u00e7on dont les utilisateurs acc\u00e8dent \u00e0 nos sites Web et les utilisent. Pour plus d&rsquo;informations sur les cookies, nous vous recommandons de consulter : <a rel=\"\" href=\"http:\/\/www.aboutcookies.org\/\" target=\"_blank\" class=\"btn btn-underline\">http:\/\/www.aboutcookies.org<\/a> ou <a rel=\"\" href=\"http:\/\/www.allaboutcookies.org\/\" target=\"_blank\" class=\"btn btn-underline\">www.allaboutcookies.org<\/a>.<\/p>\n\n\n\n<p><strong>2. Types de cookies utilis\u00e9s par Caesarstone<\/strong><\/p>\n\n\n\n<p>Lorsque vous visitez le site Web, nous diffusons des cookies internes sur votre appareil afin d&rsquo;activer certaines fonctionnalit\u00e9s du site Web. Nous utilisons des cookies pour am\u00e9liorer le site Web, surveiller et analyser le trafic du Web. Ils nous permettent de comprendre quelles parties de notre site Web int\u00e9ressent le plus nos visiteurs. Nous utilisons ces informations pour am\u00e9liorer continuellement l\u2019offre sur notre site Web au profit de nos visiteurs. Certains cookies que nous utilisons restent actifs uniquement pendant la dur\u00e9e de votre session sur le site ou de l\u2019utilisation de votre application, et expirent lorsque vous fermez votre navigateur ou quittez le site Web. D&rsquo;autres cookies sont utilis\u00e9s pour se souvenir de vous lorsque vous revenez sur notre site Web et, en tant que tels, dureront plus longtemps. Certains des cookies utilis\u00e9s sur le site sont d\u00e9finis par nous (les \u00ab cookies internes&nbsp;\u00bb), et d&rsquo;autres sont d\u00e9finis par des tiers qui fournissent des services en notre nom (les \u00ab cookies tiers \u00bb). La liste ci-dessous d\u00e9crit les types de cookies que Caesarstone peut utiliser sur le site Web et les finalit\u00e9s pour lesquelles ils sont utilis\u00e9s :<\/p>\n\n\n\n<ul class=\"wp-block-list\">\n<li><strong>2.1. Cookies de session (cookies internes).<\/strong> Les cookies peuvent rester sur votre appareil pour des dur\u00e9es variables : les \u00ab cookies de session \u00bb n&rsquo;existent que lorsque le navigateur de votre site Web est ouvert et ceux-ci sont automatiquement supprim\u00e9s une fois le navigateur ferm\u00e9 ; un \u00ab cookie persistant \u00bb, en revanche, sera conserv\u00e9 apr\u00e8s la fermeture de votre navigateur et restera valide jusqu&rsquo;\u00e0 une date d&rsquo;expiration d\u00e9finie, \u00e0 moins qu&rsquo;il ne soit supprim\u00e9 par l&rsquo;utilisateur avant la date d&rsquo;expiration. Les cookies persistants peuvent \u00eatre utilis\u00e9s par le site Web pour reconna\u00eetre votre appareil ult\u00e9rieurement ou lorsque vous effectuez plusieurs sessions d&rsquo;utilisation. Par exemple, si vous nous avez demand\u00e9 de m\u00e9moriser des pr\u00e9f\u00e9rences telles que votre localisation ou votre nom d&rsquo;utilisateur, Caesarstone utilise certains cookies de session sur une partie de son site Web, entre autres, pour suivre l&rsquo;activit\u00e9 de l&rsquo;utilisateur sur le site Web afin d\u2019\u00e9viter de lui redemander les m\u00eames informations qu&rsquo;il a d\u00e9j\u00e0 fournies au site Web, pour qu\u2019il n\u2019ait pas \u00e0 s\u2019authentifier \u00e0 chaque nouvelle zone qu&rsquo;il visite, et\/ou pour d\u00e9tecter des activit\u00e9s frauduleuses.<\/li>\n\n\n\n<li><strong>2.2. Cookies strictement n\u00e9cessaires (cookies internes).<\/strong> Caesarstone utilise des cookies qui sont essentiels, car ils vous permettent de naviguer sur le site Web ou d&rsquo;utiliser des fonctionnalit\u00e9s de base, telles que l&rsquo;acc\u00e8s \u00e0 des zones de connexion ou s\u00e9curis\u00e9es. Si ces cookies sont d\u00e9sactiv\u00e9s, diverses fonctionnalit\u00e9s du site Web ne fonctionneront pas.<\/li>\n\n\n\n<li><strong>2.3. Cookies de performance (cookies internes).<\/strong> Caesarstone utilise des cookies pour recueillir des informations sur votre utilisation du site Web, ce qui contribue \u00e0 am\u00e9liorer les performances du site Web et \u00e0 vous offrir une meilleure exp\u00e9rience utilisateur (par exemple, les informations g\u00e9n\u00e9r\u00e9es par un cookie peuvent \u00eatre utilis\u00e9es pour cr\u00e9er des rapports sur votre utilisation du site Web et\/ou sur le plantage ou le bug d&rsquo;une application qui serait survenu lors de votre utilisation du site Web).<\/li>\n\n\n\n<li><strong>2.4. Cookies de fonctionnalit\u00e9 (cookies internes).<\/strong> Caesarstone utilise des cookies pour am\u00e9liorer la fonctionnalit\u00e9 du site Web en stockant vos pr\u00e9f\u00e9rences. Ces cookies permettent \u00e9galement \u00e0 Caesarstone de personnaliser votre exp\u00e9rience utilisateur et de vous fournir de meilleures fonctionnalit\u00e9s et un contenu am\u00e9lior\u00e9. Les informations collect\u00e9es par ces cookies ne sont pas utilis\u00e9es pour vous identifier personnellement et\/ou pour suivre votre navigation sur d&rsquo;autres sites ou votre recours \u00e0 d\u2019autres services. Ces cookies ne sont pas essentiels \u00e0 l\u2019utilisation du site Web. Cependant, sans ces cookies, certaines fonctionnalit\u00e9s (comme la fonctionnalit\u00e9 de recherche) peuvent devenir indisponibles.<\/li>\n\n\n\n<li><strong>2.5. Outils d&rsquo;analyse et de recherche (cookies tiers).<\/strong> Caesarstone peut utiliser ou activer des cookies tiers \u00e0 des fins d&rsquo;analyse, pour \u00e9valuer l&rsquo;utilisation du site Web et les activit\u00e9s effectu\u00e9es sur le site Web (par exemple, les informations statistiques g\u00e9n\u00e9r\u00e9es \u00e0 partir d&rsquo;un cookie analytique sont utilis\u00e9es pour compter le nombre de vos visites sur le site Web) (\u00ab cookies analytiques \u00bb). Si vous avez d\u00e9sactiv\u00e9 un ou plusieurs cookies analytiques, nous pouvons toujours utiliser les informations collect\u00e9es par ces cookies avant que vous n\u2019ayez d\u00e9fini leur d\u00e9sactivation dans vos pr\u00e9f\u00e9rences. Cependant, nous cesserons d&rsquo;utiliser les cookies d\u00e9sactiv\u00e9s pour collecter des informations suppl\u00e9mentaires.<\/li>\n\n\n\n<li><strong>2.6. Cookies marketing (cookies tiers).<\/strong> Caesarstone peut utiliser des cookies marketing pour diffuser des publicit\u00e9s que nous jugeons pertinentes pour vous et correspondant \u00e0 vos int\u00e9r\u00eats. Par exemple, nous pouvons utiliser des cookies de ciblage ou publicitaires pour personnaliser la publicit\u00e9 et le contenu que vous recevez sur notre site Web et pour nous permettre de mesurer l&rsquo;efficacit\u00e9 de nos campagnes publicitaires. Il est important de noter qu&rsquo;\u00e0 aucun moment nous ou nos prestataires de services ne tenterons de vous identifier individuellement, et qu\u2019\u00e0 aucun moment nous ne saurons qui vous \u00eates ou quelles pages vous avez consult\u00e9es individuellement. Nous nous contentons d\u2019agr\u00e9ger les informations pertinentes pour cr\u00e9er les segments de march\u00e9 de groupes de personnes ayant des int\u00e9r\u00eats similaires. Nous consid\u00e9rons qu\u2019en vous proposant des publicit\u00e9s plus int\u00e9ressantes et plus utiles, votre exp\u00e9rience utilisateur gagnera en valeur et en singularit\u00e9.<\/li>\n<\/ul>\n\n\n\n<p><strong>3. Comment contr\u00f4ler les cookies<\/strong><\/p>\n\n\n\n<p>Vous pouvez contr\u00f4ler les cookies et\/ou supprimer les cookies qui sont d\u00e9j\u00e0 stock\u00e9s sur votre site Web\/appareil mobile. La plupart des navigateurs permettent aux utilisateurs d&rsquo;acc\u00e9der \u00e0 la plupart des cookies et de les contr\u00f4ler via les param\u00e8tres du navigateur. Chaque navigateur \u00e9tant diff\u00e9rent, consultez le menu \u00ab Aide \u00bb de votre navigateur pour savoir comment modifier vos pr\u00e9f\u00e9rences en mati\u00e8re de cookies. Veuillez noter que certains cookies sont strictement n\u00e9cessaires au fonctionnement du site Web. Par cons\u00e9quent, si vous configurez votre navigateur pour d\u00e9sactiver, rejeter ou bloquer les cookies, certaines parties du site Web peuvent ne pas fonctionner correctement et vous risquez de ne pas pouvoir acc\u00e9der \u00e0 certaines fonctionnalit\u00e9s du site Web. En outre, d&rsquo;autres fonctionnalit\u00e9s de notre service pourraient ne pas fonctionner correctement ou, dans certains cas, notre site Web et\/ou nos services ne seront pas accessibles du tout. Vous trouverez plus d&rsquo;informations sur la fa\u00e7on de contr\u00f4ler les cookies, notamment sur les types de cookies qui ont \u00e9t\u00e9 d\u00e9finis et sur la fa\u00e7on de g\u00e9rer et\/ou supprimer les cookies, sur les sites suivants : <a href=\"http:\/\/www.aboutcookies.org\/\" rel=\"\" target=\"_blank\" class=\"btn btn-underline\">http:\/\/www.aboutcookies.org<\/a>, <a href=\"http:\/\/www.allaboutcookies.org\/\" rel=\"\" target=\"_blank\" class=\"btn btn-underline\">www.allaboutcookies.org<\/a>, <a href=\"https:\/\/help.yahoo.com\/kb\/devices-cache-cookies-sln14733.html.\" rel=\"\" target=\"_blank\" class=\"btn btn-underline\">https:\/\/help.yahoo.com\/kb\/devices-cache-cookies-sln14733.html.<\/a><\/p>\n\n\n\n<p><strong>4. Contact<\/strong><\/p>\n\n\n\n<p>Vous pouvez nous contacter via le formulaire de contact de notre site Web, disponible sur :<a href=\"https:\/\/mos.caesarstone.com\/fr\/contactez-nous\/\" rel=\"\" target=\"_self\" class=\"btn btn-underline\"> \u00ab\u00a0Contactez-nous<\/a> \u00bb<\/p>\n\n\n    <\/div>\n<\/div> \n\n    <\/div>\n<\/section>","protected":false},"excerpt":{"rendered":"","protected":false},"author":5,"featured_media":0,"parent":0,"menu_order":0,"comment_status":"closed","ping_status":"closed","template":"","meta":{"_acf_changed":false,"footnotes":""},"class_list":["post-4707","page","type-page","status-publish","hentry"],"acf":[],"ams_acf":[{"key":"use_custom_logos","label":"Use custom logos","value":false},{"key":"alignment","label":"Alignment","value":false},{"key":"header_color","label":"Header color","value":"black"}],"yoast_head":"<!-- This site is optimized with the Yoast SEO Premium plugin v26.2 (Yoast SEO v26.2) - https:\/\/yoast.com\/wordpress\/plugins\/seo\/ -->\n<title>Politique en mati\u00e8re de cookies | Master of Stone FR<\/title>\n<meta name=\"robots\" content=\"index, follow, max-snippet:-1, max-image-preview:large, max-video-preview:-1\" \/>\n<link rel=\"canonical\" href=\"https:\/\/mos.caesarstone.com\/fr\/politique-dutilisation-des-temoins\/\" \/>\n<meta property=\"og:locale\" content=\"fr_FR\" \/>\n<meta property=\"og:type\" content=\"article\" \/>\n<meta property=\"og:title\" content=\"Politique en mati\u00e8re de cookies\" \/>\n<meta property=\"og:url\" content=\"https:\/\/mos.caesarstone.com\/fr\/politique-dutilisation-des-temoins\/\" \/>\n<meta property=\"og:site_name\" content=\"Master of Stone FR\" \/>\n<meta property=\"article:modified_time\" content=\"2025-10-20T08:38:31+00:00\" \/>\n<meta name=\"twitter:card\" content=\"summary_large_image\" \/>\n<meta name=\"twitter:label1\" content=\"Dur\u00e9e de lecture estim\u00e9e\" \/>\n\t<meta name=\"twitter:data1\" content=\"8 minutes\" \/>\n<script type=\"application\/ld+json\" class=\"yoast-schema-graph\">{\"@context\":\"https:\/\/schema.org\",\"@graph\":[{\"@type\":\"WebPage\",\"@id\":\"https:\/\/mos.caesarstone.com\/fr\/politique-dutilisation-des-temoins\/\",\"url\":\"https:\/\/mos.caesarstone.com\/fr\/politique-dutilisation-des-temoins\/\",\"name\":\"Politique en mati\u00e8re de cookies | Master of Stone FR\",\"isPartOf\":{\"@id\":\"https:\/\/mos.caesarstone.com\/fr\/#website\"},\"datePublished\":\"2025-09-17T09:50:33+00:00\",\"dateModified\":\"2025-10-20T08:38:31+00:00\",\"breadcrumb\":{\"@id\":\"https:\/\/mos.caesarstone.com\/fr\/politique-dutilisation-des-temoins\/#breadcrumb\"},\"inLanguage\":\"fr-FR\",\"potentialAction\":[{\"@type\":\"ReadAction\",\"target\":[\"https:\/\/mos.caesarstone.com\/fr\/politique-dutilisation-des-temoins\/\"]}]},{\"@type\":\"BreadcrumbList\",\"@id\":\"https:\/\/mos.caesarstone.com\/fr\/politique-dutilisation-des-temoins\/#breadcrumb\",\"itemListElement\":[{\"@type\":\"ListItem\",\"position\":1,\"item\":{\"@type\":\"WebPage\",\"@id\":\"https:\/\/mos.caesarstone.com\/fr\/\",\"url\":\"https:\/\/mos.caesarstone.com\/fr\/\",\"name\":\"Accueil\"}},{\"@type\":\"ListItem\",\"position\":1,\"item\":{\"@type\":\"WebPage\",\"@id\":\"https:\/\/mos.caesarstone.com\/fr\/politique-dutilisation-des-temoins\/\",\"name\":\"Politique en mati\u00e8re de cookies\"}}]},{\"@type\":\"WebSite\",\"@id\":\"https:\/\/mos.caesarstone.com\/fr\/#website\",\"url\":\"https:\/\/mos.caesarstone.com\/fr\/\",\"name\":\"Master of Stone\",\"description\":\"\",\"potentialAction\":[{\"@type\":\"SearchAction\",\"target\":{\"@type\":\"EntryPoint\",\"urlTemplate\":\"https:\/\/mos.caesarstone.com\/fr\/?s={search_term_string}\"},\"query-input\":{\"@type\":\"PropertyValueSpecification\",\"valueRequired\":true,\"valueName\":\"search_term_string\"}}],\"inLanguage\":\"fr-FR\"}]}<\/script>\n<!-- \/ Yoast SEO Premium plugin. -->","yoast_head_json":{"title":"Politique en mati\u00e8re de cookies | Master of Stone FR","robots":{"index":"index","follow":"follow","max-snippet":"max-snippet:-1","max-image-preview":"max-image-preview:large","max-video-preview":"max-video-preview:-1"},"canonical":"https:\/\/mos.caesarstone.com\/fr\/politique-dutilisation-des-temoins\/","og_locale":"fr_FR","og_type":"article","og_title":"Politique en mati\u00e8re de cookies","og_url":"https:\/\/mos.caesarstone.com\/fr\/politique-dutilisation-des-temoins\/","og_site_name":"Master of Stone FR","article_modified_time":"2025-10-20T08:38:31+00:00","twitter_card":"summary_large_image","twitter_misc":{"Dur\u00e9e de lecture estim\u00e9e":"8 minutes"},"schema":{"@context":"https:\/\/schema.org","@graph":[{"@type":"WebPage","@id":"https:\/\/mos.caesarstone.com\/fr\/politique-dutilisation-des-temoins\/","url":"https:\/\/mos.caesarstone.com\/fr\/politique-dutilisation-des-temoins\/","name":"Politique en mati\u00e8re de cookies | Master of Stone FR","isPartOf":{"@id":"https:\/\/mos.caesarstone.com\/fr\/#website"},"datePublished":"2025-09-17T09:50:33+00:00","dateModified":"2025-10-20T08:38:31+00:00","breadcrumb":{"@id":"https:\/\/mos.caesarstone.com\/fr\/politique-dutilisation-des-temoins\/#breadcrumb"},"inLanguage":"fr-FR","potentialAction":[{"@type":"ReadAction","target":["https:\/\/mos.caesarstone.com\/fr\/politique-dutilisation-des-temoins\/"]}]},{"@type":"BreadcrumbList","@id":"https:\/\/mos.caesarstone.com\/fr\/politique-dutilisation-des-temoins\/#breadcrumb","itemListElement":[{"@type":"ListItem","position":1,"item":{"@type":"WebPage","@id":"https:\/\/mos.caesarstone.com\/fr\/","url":"https:\/\/mos.caesarstone.com\/fr\/","name":"Accueil"}},{"@type":"ListItem","position":1,"item":{"@type":"WebPage","@id":"https:\/\/mos.caesarstone.com\/fr\/politique-dutilisation-des-temoins\/","name":"Politique en mati\u00e8re de cookies"}}]},{"@type":"WebSite","@id":"https:\/\/mos.caesarstone.com\/fr\/#website","url":"https:\/\/mos.caesarstone.com\/fr\/","name":"Master of Stone","description":"","potentialAction":[{"@type":"SearchAction","target":{"@type":"EntryPoint","urlTemplate":"https:\/\/mos.caesarstone.com\/fr\/?s={search_term_string}"},"query-input":{"@type":"PropertyValueSpecification","valueRequired":true,"valueName":"search_term_string"}}],"inLanguage":"fr-FR"}]}},"_links":{"self":[{"href":"https:\/\/mos.caesarstone.com\/fr\/wp-json\/wp\/v2\/pages\/4707","targetHints":{"allow":["GET"]}}],"collection":[{"href":"https:\/\/mos.caesarstone.com\/fr\/wp-json\/wp\/v2\/pages"}],"about":[{"href":"https:\/\/mos.caesarstone.com\/fr\/wp-json\/wp\/v2\/types\/page"}],"author":[{"embeddable":true,"href":"https:\/\/mos.caesarstone.com\/fr\/wp-json\/wp\/v2\/users\/5"}],"replies":[{"embeddable":true,"href":"https:\/\/mos.caesarstone.com\/fr\/wp-json\/wp\/v2\/comments?post=4707"}],"version-history":[{"count":6,"href":"https:\/\/mos.caesarstone.com\/fr\/wp-json\/wp\/v2\/pages\/4707\/revisions"}],"predecessor-version":[{"id":5972,"href":"https:\/\/mos.caesarstone.com\/fr\/wp-json\/wp\/v2\/pages\/4707\/revisions\/5972"}],"wp:attachment":[{"href":"https:\/\/mos.caesarstone.com\/fr\/wp-json\/wp\/v2\/media?parent=4707"}],"curies":[{"name":"wp","href":"https:\/\/api.w.org\/{rel}","templated":true}]}}