{"id":2989,"date":"2025-08-24T16:00:59","date_gmt":"2025-08-24T16:00:59","guid":{"rendered":"https:\/\/mosstg.caesarstone.com\/?page_id=2989"},"modified":"2025-09-18T09:59:36","modified_gmt":"2025-09-18T09:59:36","slug":"favourits","status":"publish","type":"page","link":"https:\/\/mos.caesarstone.com\/fr\/favourits\/","title":{"rendered":"Favourits"},"content":{"rendered":"\n<section class=\"article-lobby\">\n    <div class=\"mx-auto container\">\n\t\t            <div class=\"empty-favorites\" data-aos=\"fade-in\" data-aos-duration=\"1000\">\n                <div class=\"flex justify-center resp-[my\/45]\">\n\t\t\t\t\t                        <img decoding=\"async\" src=\"https:\/\/mos.caesarstone.com\/wp-content\/uploads\/sites\/4\/2025\/08\/icons.png\" alt=\"My Favorites grey icon\">\n\t\t\t\t\t                <\/div>\n\t\t\t\t                    <h1>Bienvenue dans Vos Favoris !<\/h1>\n\t\t\t\t\t\t\t\t\t\t\t\t\t<p>Cr\u00e9ez une collection priv\u00e9e que vous pourrez retrouver \u00e0 tout moment.<br \/>\nPour enregistrer vos articles pr\u00e9f\u00e9r\u00e9s, il vous suffit de cliquer sur le c\u0153ur pendant votre navigation.<\/p>\n\t\t\t\t\t\t\t\t                    <div class=\"buttons\">\n\t\t\t\t\t\t\t\t\t\t\t\t\t\t\t\t\t\t\t\t\t\t\t\t\t\t\t<a href=\"\/professional-library\/\" class=\"btn-border btn\">Biblioth\u00e8que professionnelle<span><svg width=\"19\" height=\"13\" viewBox=\"0 0 19 13\" fill=\"none\" xmlns=\"http:\/\/www.w3.org\/2000\/svg\">\n                    <path d=\"M12.5 1L18.1 6.6L12.5 12.2M0.5 6.5H17.5\" stroke=\"#0D0D0D\" stroke-linecap=\"round\"><\/path>\n                <\/svg><\/span><\/a>\t\t\t\t\t\t\t\t\t\t\t\t\t                    <\/div>\n\t\t\t\t            <\/div>\n\t\t    <\/div>\n<\/section>","protected":false},"excerpt":{"rendered":"","protected":false},"author":1,"featured_media":0,"parent":0,"menu_order":0,"comment_status":"closed","ping_status":"closed","template":"","meta":{"_acf_changed":false,"footnotes":""},"class_list":["post-2989","page","type-page","status-publish","hentry"],"acf":[],"ams_acf":[{"key":"use_custom_logos","label":"Use custom logos","value":false},{"key":"alignment","label":"Alignment","value":false},{"key":"header_color","label":"Header color","value":"black"}],"yoast_head":"<!-- This site is optimized with the Yoast SEO Premium plugin v26.2 (Yoast SEO v26.2) - https:\/\/yoast.com\/wordpress\/plugins\/seo\/ -->\n<title>Favourits | Master of Stone FR<\/title>\n<meta name=\"robots\" content=\"index, follow, max-snippet:-1, max-image-preview:large, max-video-preview:-1\" \/>\n<link rel=\"canonical\" href=\"https:\/\/mos.caesarstone.com\/fr\/favourits\/\" \/>\n<meta property=\"og:locale\" content=\"fr_FR\" \/>\n<meta property=\"og:type\" content=\"article\" \/>\n<meta property=\"og:title\" content=\"Favourits\" \/>\n<meta property=\"og:url\" content=\"https:\/\/mos.caesarstone.com\/fr\/favourits\/\" \/>\n<meta property=\"og:site_name\" content=\"Master of Stone FR\" \/>\n<meta property=\"article:modified_time\" content=\"2025-09-18T09:59:36+00:00\" \/>\n<meta name=\"twitter:card\" content=\"summary_large_image\" \/>\n<script type=\"application\/ld+json\" class=\"yoast-schema-graph\">{\"@context\":\"https:\/\/schema.org\",\"@graph\":[{\"@type\":\"WebPage\",\"@id\":\"https:\/\/mos.caesarstone.com\/fr\/favourits\/\",\"url\":\"https:\/\/mos.caesarstone.com\/fr\/favourits\/\",\"name\":\"Favourits | Master of Stone FR\",\"isPartOf\":{\"@id\":\"https:\/\/mos.caesarstone.com\/fr\/#website\"},\"datePublished\":\"2025-08-24T16:00:59+00:00\",\"dateModified\":\"2025-09-18T09:59:36+00:00\",\"breadcrumb\":{\"@id\":\"https:\/\/mos.caesarstone.com\/fr\/favourits\/#breadcrumb\"},\"inLanguage\":\"fr-FR\",\"potentialAction\":[{\"@type\":\"ReadAction\",\"target\":[\"https:\/\/mos.caesarstone.com\/fr\/favourits\/\"]}]},{\"@type\":\"BreadcrumbList\",\"@id\":\"https:\/\/mos.caesarstone.com\/fr\/favourits\/#breadcrumb\",\"itemListElement\":[{\"@type\":\"ListItem\",\"position\":1,\"item\":{\"@type\":\"WebPage\",\"@id\":\"https:\/\/mos.caesarstone.com\/fr\/\",\"url\":\"https:\/\/mos.caesarstone.com\/fr\/\",\"name\":\"Accueil\"}},{\"@type\":\"ListItem\",\"position\":1,\"item\":{\"@type\":\"WebPage\",\"@id\":\"https:\/\/mos.caesarstone.com\/fr\/favourits\/\",\"name\":\"Favourits\"}}]},{\"@type\":\"WebSite\",\"@id\":\"https:\/\/mos.caesarstone.com\/fr\/#website\",\"url\":\"https:\/\/mos.caesarstone.com\/fr\/\",\"name\":\"Master of Stone\",\"description\":\"\",\"potentialAction\":[{\"@type\":\"SearchAction\",\"target\":{\"@type\":\"EntryPoint\",\"urlTemplate\":\"https:\/\/mos.caesarstone.com\/fr\/?s={search_term_string}\"},\"query-input\":{\"@type\":\"PropertyValueSpecification\",\"valueRequired\":true,\"valueName\":\"search_term_string\"}}],\"inLanguage\":\"fr-FR\"}]}<\/script>\n<!-- \/ Yoast SEO Premium plugin. -->","yoast_head_json":{"title":"Favourits | Master of Stone FR","robots":{"index":"index","follow":"follow","max-snippet":"max-snippet:-1","max-image-preview":"max-image-preview:large","max-video-preview":"max-video-preview:-1"},"canonical":"https:\/\/mos.caesarstone.com\/fr\/favourits\/","og_locale":"fr_FR","og_type":"article","og_title":"Favourits","og_url":"https:\/\/mos.caesarstone.com\/fr\/favourits\/","og_site_name":"Master of Stone FR","article_modified_time":"2025-09-18T09:59:36+00:00","twitter_card":"summary_large_image","schema":{"@context":"https:\/\/schema.org","@graph":[{"@type":"WebPage","@id":"https:\/\/mos.caesarstone.com\/fr\/favourits\/","url":"https:\/\/mos.caesarstone.com\/fr\/favourits\/","name":"Favourits | Master of Stone FR","isPartOf":{"@id":"https:\/\/mos.caesarstone.com\/fr\/#website"},"datePublished":"2025-08-24T16:00:59+00:00","dateModified":"2025-09-18T09:59:36+00:00","breadcrumb":{"@id":"https:\/\/mos.caesarstone.com\/fr\/favourits\/#breadcrumb"},"inLanguage":"fr-FR","potentialAction":[{"@type":"ReadAction","target":["https:\/\/mos.caesarstone.com\/fr\/favourits\/"]}]},{"@type":"BreadcrumbList","@id":"https:\/\/mos.caesarstone.com\/fr\/favourits\/#breadcrumb","itemListElement":[{"@type":"ListItem","position":1,"item":{"@type":"WebPage","@id":"https:\/\/mos.caesarstone.com\/fr\/","url":"https:\/\/mos.caesarstone.com\/fr\/","name":"Accueil"}},{"@type":"ListItem","position":1,"item":{"@type":"WebPage","@id":"https:\/\/mos.caesarstone.com\/fr\/favourits\/","name":"Favourits"}}]},{"@type":"WebSite","@id":"https:\/\/mos.caesarstone.com\/fr\/#website","url":"https:\/\/mos.caesarstone.com\/fr\/","name":"Master of Stone","description":"","potentialAction":[{"@type":"SearchAction","target":{"@type":"EntryPoint","urlTemplate":"https:\/\/mos.caesarstone.com\/fr\/?s={search_term_string}"},"query-input":{"@type":"PropertyValueSpecification","valueRequired":true,"valueName":"search_term_string"}}],"inLanguage":"fr-FR"}]}},"_links":{"self":[{"href":"https:\/\/mos.caesarstone.com\/fr\/wp-json\/wp\/v2\/pages\/2989","targetHints":{"allow":["GET"]}}],"collection":[{"href":"https:\/\/mos.caesarstone.com\/fr\/wp-json\/wp\/v2\/pages"}],"about":[{"href":"https:\/\/mos.caesarstone.com\/fr\/wp-json\/wp\/v2\/types\/page"}],"author":[{"embeddable":true,"href":"https:\/\/mos.caesarstone.com\/fr\/wp-json\/wp\/v2\/users\/1"}],"replies":[{"embeddable":true,"href":"https:\/\/mos.caesarstone.com\/fr\/wp-json\/wp\/v2\/comments?post=2989"}],"version-history":[{"count":2,"href":"https:\/\/mos.caesarstone.com\/fr\/wp-json\/wp\/v2\/pages\/2989\/revisions"}],"predecessor-version":[{"id":5400,"href":"https:\/\/mos.caesarstone.com\/fr\/wp-json\/wp\/v2\/pages\/2989\/revisions\/5400"}],"wp:attachment":[{"href":"https:\/\/mos.caesarstone.com\/fr\/wp-json\/wp\/v2\/media?parent=2989"}],"curies":[{"name":"wp","href":"https:\/\/api.w.org\/{rel}","templated":true}]}}