{"id":4814,"date":"2025-09-17T10:05:07","date_gmt":"2025-09-17T10:05:07","guid":{"rendered":"https:\/\/mosstg2.caesarstone.com\/?page_id=4814"},"modified":"2026-02-26T13:27:00","modified_gmt":"2026-02-26T13:27:00","slug":"advertencia-sobre-el-polvo-de-silice","status":"publish","type":"page","link":"https:\/\/mos.caesarstone.com\/es\/advertencia-sobre-el-polvo-de-silice\/","title":{"rendered":"Advertencia sobre el polvo de s\u00edlice"},"content":{"rendered":"\n<section class=\"article-hero post-content has-bg-image\" id=\"block_f78c2228030d7c2df3ec474061fea600\">\n\t<picture><source srcset=\"https:\/\/mos.caesarstone.com\/wp-content\/uploads\/sites\/4\/2026\/02\/guia_de_buenas_practicas.jpg\" media=\"(min-width: 768px)\"><img decoding=\"async\" src=\"https:\/\/mos.caesarstone.com\/wp-content\/uploads\/sites\/4\/2026\/02\/guia_de_buenas_practicas.jpg\" alt=\"Fabricator wearing safety gear \u2014 respirator mask, goggles, ear protection, and apron \u2014 representing Caesarstone\u2019s Good Practice Guide for safe fabrication.\"><\/picture>    <div class=\"article-hero-inner\">\n        <div class=\"article-hero-inner-left\">\n\t\t\t\n            <div class=\"text\">\n\t\t\t\t\t\t\t\t                \n\n<h1 class=\"wp-block-heading\" id=\"h-advertencia-sobre-el-polvo-de-silice\">Advertencia sobre<br>el polvo de s\u00edlice<\/h1>\n\n\n            <\/div>\n\n\t\t\t        <\/div>\n\n\t\t    <\/div>\n<\/section>\n\n\n<section class=\"article-content\" id=\"block_9c2336270aafadc2e35de881d2bb3ece\">\n    <div class=\"article-content-inner\">\n        \n\n<div class=\"article-content-inner-left post-content\">\n    <div class=\"inner-content\">\n        \n\n<p>Como ya sabe, las superficies Caesarstone contienen minerales de silicato, como s\u00edlice cristalina (SiO2). Para obtener informaci\u00f3n completa sobre los componentes de las superficies, los riesgos que conlleva su fabricaci\u00f3n y las medidas de seguridad correspondientes, consulte:<\/p>\n\n\n\n<p><a href=\"https:\/\/qr.caesarstone.com\/safety-data-sheet\" rel=\"\" target=\"_self\" class=\"btn btn-underline\">Ficha de datos de seguridad (FDS) de Caesarstone<\/a><\/p>\n\n\n\n<p>Las superficies Caesarstone no son peligrosas en su estado de expedici\u00f3n y utilizan los consumidores finales. Sin embargo, su fabricaci\u00f3n, incluyendo el corte, el esmerilado, el pulido, el moldeado, etc., implica la generaci\u00f3n de polvo peligroso, que contiene s\u00edlice cristalina (SiO2).<\/p>\n\n\n\n<p>LOS TRABAJADORES QUE INHALAN ESTE POLVO PELIGROSO DURANTE LA FABRICACI\u00d3N E INSTALACI\u00d3N CORREN EL RIESGO DE SUFRIR DA\u00d1OS PARA LA SALUD, COMO: SILICOSIS (ENFERMEDAD PULMONAR INCURABLE, PROGRESIVAMENTE INCAPACITANTE Y, EN ALGUNOS CASOS, MORTAL), C\u00c1NCER DE PULM\u00d3N, ENFERMEDAD PULMONAR OBSTRUCTIVA CR\u00d3NICA (EPOC), ENFERMEDAD RENAL Y OTROS DA\u00d1OS PARA LA SALUD. ESTOS DA\u00d1OS PARA LA SALUD PUEDEN PREVENIRSE SI SE APLICAN LAS MEDIDAS DE SEGURIDAD NECESARIAS.<\/p>\n\n\n\n<p>Cualquier tipo de trabajo de fabricaci\u00f3n de superficies Caesarstone requiere el estricto cumplimiento de las leyes, reglamentos, normas y pr\u00e1cticas de salud y seguridad (como el control de la exposici\u00f3n ambiental, el control m\u00e9dico, la formaci\u00f3n, los controles t\u00e9cnicos y el equipo de protecci\u00f3n personal [EPP], etc.). Los empleadores deben asegurarse de que sus trabajadores est\u00e9n debidamente protegidos contra la exposici\u00f3n al polvo de s\u00edlice y, para ello, deben consultar con un especialista en salud y seguridad.<\/p>\n\n\n\n<p>Todas las personas que distribuyen productos Caesarstone a los fabricantes deben informarles de la importancia de su responsabilidad de proporcionar un entorno de trabajo seguro a todos sus empleados y contratistas, y de cumplir con todas las leyes y reglamentos pertinentes. Se puede encontrar informaci\u00f3n sobre pr\u00e1cticas, leyes y reglamentos de salud y seguridad, entre otros, en:<\/p>\n\n\n\n<p><a href=\"https:\/\/mos.caesarstone.com\/es\/health-and-safety\/guia-de-buenas-practicas\/\" rel=\"\" target=\"_self\" class=\"btn btn-underline\">Gu\u00eda de buenas pr\u00e1cticas<\/a><br><br><a rel=\"\" href=\"https:\/\/www.osha.gov\/sites\/default\/files\/publications\/silica-hazard-alert.pdf\" target=\"_blank\" class=\"btn btn-underline\">An\u00e1lisis de riesgos de la s\u00edlice<\/a><br><a rel=\"\" href=\"https:\/\/www.osha.gov\/sites\/default\/files\/publications\/silica-hazard-alert.pdf\" target=\"_blank\" class=\"btn btn-underline\"><br><\/a><a rel=\"\" href=\"https:\/\/www.osha.gov\/sites\/default\/files\/publications\/OSHA3768.pdf\" target=\"_blank\" class=\"btn btn-underline\">Alerta sobre los riesgos de la s\u00edlice<\/a><br><a rel=\"\" href=\"https:\/\/www.osha.gov\/sites\/default\/files\/publications\/OSHA3768.pdf\" target=\"_blank\" class=\"btn btn-underline\"><br><\/a><a rel=\"\" href=\"https:\/\/www.cdc.gov\/niosh\/docs\/96-112\/\" target=\"_blank\" class=\"btn btn-underline\">Hoja informativa para empleadores sobre la<\/a> <a rel=\"\" href=\"https:\/\/www.cdc.gov\/niosh\/docs\/96-112\/\" target=\"_blank\" class=\"btn btn-underline\">s\u00edlice<\/a><br><a rel=\"\" href=\"https:\/\/www.cdc.gov\/niosh\/docs\/96-112\/\" target=\"_blank\" class=\"btn btn-underline\"><br><\/a><a rel=\"\" href=\"https:\/\/guide.nepsi.eu\/\" target=\"_blank\" class=\"btn btn-underline\">NIOSH \/ NEPSI: Gu\u00eda de buenas pr\u00e1cticas<\/a><\/p>\n\n\n\n<p>Si tiene alguna pregunta sobre la ficha de datos de seguridad o la etiqueta de advertencia, p\u00f3ngase en contacto con <br>Caesarstone en el <a href=\"tel:+972-4-610-9368\" rel=\"\" target=\"_blank\" class=\"btn btn-underline\">+972-4-610-9368<\/a> o en <a href=\"mailto:sdsinfo@caesarstone.com\" rel=\"\" target=\"_blank\" class=\"btn btn-underline\">sdsinfo@caesarstone.com<\/a>.<\/p>\n\n\n    <\/div>\n<\/div> \n\n    <\/div>\n<\/section>","protected":false},"excerpt":{"rendered":"","protected":false},"author":9,"featured_media":0,"parent":0,"menu_order":0,"comment_status":"closed","ping_status":"closed","template":"","meta":{"_acf_changed":false,"footnotes":""},"class_list":["post-4814","page","type-page","status-publish","hentry"],"acf":[],"ams_acf":[{"key":"use_custom_logos","label":"Use custom logos","value":false},{"key":"alignment","label":"Alignment","value":false},{"key":"header_color","label":"Header color","value":"white"}],"yoast_head":"<!-- This site is optimized with the Yoast SEO Premium plugin v26.2 (Yoast SEO v26.2) - https:\/\/yoast.com\/wordpress\/plugins\/seo\/ -->\n<title>Advertencia sobre el polvo de s\u00edlice | Master of Stone ES<\/title>\n<meta name=\"robots\" content=\"index, follow, max-snippet:-1, max-image-preview:large, max-video-preview:-1\" \/>\n<link rel=\"canonical\" href=\"https:\/\/mos.caesarstone.com\/es\/advertencia-sobre-el-polvo-de-silice\/\" \/>\n<meta property=\"og:locale\" content=\"es_ES\" \/>\n<meta property=\"og:type\" content=\"article\" \/>\n<meta property=\"og:title\" content=\"Advertencia sobre el polvo de s\u00edlice\" \/>\n<meta property=\"og:url\" content=\"https:\/\/mos.caesarstone.com\/es\/advertencia-sobre-el-polvo-de-silice\/\" \/>\n<meta property=\"og:site_name\" content=\"Master of Stone ES\" \/>\n<meta property=\"article:modified_time\" content=\"2026-02-26T13:27:00+00:00\" \/>\n<meta name=\"twitter:card\" content=\"summary_large_image\" \/>\n<meta name=\"twitter:label1\" content=\"Tiempo de lectura\" \/>\n\t<meta name=\"twitter:data1\" content=\"2 minuto\" \/>\n<script type=\"application\/ld+json\" class=\"yoast-schema-graph\">{\"@context\":\"https:\/\/schema.org\",\"@graph\":[{\"@type\":\"WebPage\",\"@id\":\"https:\/\/mos.caesarstone.com\/es\/advertencia-sobre-el-polvo-de-silice\/\",\"url\":\"https:\/\/mos.caesarstone.com\/es\/advertencia-sobre-el-polvo-de-silice\/\",\"name\":\"Advertencia sobre el polvo de s\u00edlice | Master of Stone ES\",\"isPartOf\":{\"@id\":\"https:\/\/mos.caesarstone.com\/es\/#website\"},\"datePublished\":\"2025-09-17T10:05:07+00:00\",\"dateModified\":\"2026-02-26T13:27:00+00:00\",\"breadcrumb\":{\"@id\":\"https:\/\/mos.caesarstone.com\/es\/advertencia-sobre-el-polvo-de-silice\/#breadcrumb\"},\"inLanguage\":\"es\",\"potentialAction\":[{\"@type\":\"ReadAction\",\"target\":[\"https:\/\/mos.caesarstone.com\/es\/advertencia-sobre-el-polvo-de-silice\/\"]}]},{\"@type\":\"BreadcrumbList\",\"@id\":\"https:\/\/mos.caesarstone.com\/es\/advertencia-sobre-el-polvo-de-silice\/#breadcrumb\",\"itemListElement\":[{\"@type\":\"ListItem\",\"position\":1,\"item\":{\"@type\":\"WebPage\",\"@id\":\"https:\/\/mos.caesarstone.com\/es\/\",\"url\":\"https:\/\/mos.caesarstone.com\/es\/\",\"name\":\"Inicio\"}},{\"@type\":\"ListItem\",\"position\":1,\"item\":{\"@type\":\"WebPage\",\"@id\":\"https:\/\/mos.caesarstone.com\/es\/advertencia-sobre-el-polvo-de-silice\/\",\"name\":\"Advertencia sobre el polvo de s\u00edlice\"}}]},{\"@type\":\"WebSite\",\"@id\":\"https:\/\/mos.caesarstone.com\/es\/#website\",\"url\":\"https:\/\/mos.caesarstone.com\/es\/\",\"name\":\"Master of Stone\",\"description\":\"\",\"potentialAction\":[{\"@type\":\"SearchAction\",\"target\":{\"@type\":\"EntryPoint\",\"urlTemplate\":\"https:\/\/mos.caesarstone.com\/es\/?s={search_term_string}\"},\"query-input\":{\"@type\":\"PropertyValueSpecification\",\"valueRequired\":true,\"valueName\":\"search_term_string\"}}],\"inLanguage\":\"es\"}]}<\/script>\n<!-- \/ Yoast SEO Premium plugin. -->","yoast_head_json":{"title":"Advertencia sobre el polvo de s\u00edlice | Master of Stone ES","robots":{"index":"index","follow":"follow","max-snippet":"max-snippet:-1","max-image-preview":"max-image-preview:large","max-video-preview":"max-video-preview:-1"},"canonical":"https:\/\/mos.caesarstone.com\/es\/advertencia-sobre-el-polvo-de-silice\/","og_locale":"es_ES","og_type":"article","og_title":"Advertencia sobre el polvo de s\u00edlice","og_url":"https:\/\/mos.caesarstone.com\/es\/advertencia-sobre-el-polvo-de-silice\/","og_site_name":"Master of Stone ES","article_modified_time":"2026-02-26T13:27:00+00:00","twitter_card":"summary_large_image","twitter_misc":{"Tiempo de lectura":"2 minuto"},"schema":{"@context":"https:\/\/schema.org","@graph":[{"@type":"WebPage","@id":"https:\/\/mos.caesarstone.com\/es\/advertencia-sobre-el-polvo-de-silice\/","url":"https:\/\/mos.caesarstone.com\/es\/advertencia-sobre-el-polvo-de-silice\/","name":"Advertencia sobre el polvo de s\u00edlice | Master of Stone ES","isPartOf":{"@id":"https:\/\/mos.caesarstone.com\/es\/#website"},"datePublished":"2025-09-17T10:05:07+00:00","dateModified":"2026-02-26T13:27:00+00:00","breadcrumb":{"@id":"https:\/\/mos.caesarstone.com\/es\/advertencia-sobre-el-polvo-de-silice\/#breadcrumb"},"inLanguage":"es","potentialAction":[{"@type":"ReadAction","target":["https:\/\/mos.caesarstone.com\/es\/advertencia-sobre-el-polvo-de-silice\/"]}]},{"@type":"BreadcrumbList","@id":"https:\/\/mos.caesarstone.com\/es\/advertencia-sobre-el-polvo-de-silice\/#breadcrumb","itemListElement":[{"@type":"ListItem","position":1,"item":{"@type":"WebPage","@id":"https:\/\/mos.caesarstone.com\/es\/","url":"https:\/\/mos.caesarstone.com\/es\/","name":"Inicio"}},{"@type":"ListItem","position":1,"item":{"@type":"WebPage","@id":"https:\/\/mos.caesarstone.com\/es\/advertencia-sobre-el-polvo-de-silice\/","name":"Advertencia sobre el polvo de s\u00edlice"}}]},{"@type":"WebSite","@id":"https:\/\/mos.caesarstone.com\/es\/#website","url":"https:\/\/mos.caesarstone.com\/es\/","name":"Master of Stone","description":"","potentialAction":[{"@type":"SearchAction","target":{"@type":"EntryPoint","urlTemplate":"https:\/\/mos.caesarstone.com\/es\/?s={search_term_string}"},"query-input":{"@type":"PropertyValueSpecification","valueRequired":true,"valueName":"search_term_string"}}],"inLanguage":"es"}]}},"_links":{"self":[{"href":"https:\/\/mos.caesarstone.com\/es\/wp-json\/wp\/v2\/pages\/4814","targetHints":{"allow":["GET"]}}],"collection":[{"href":"https:\/\/mos.caesarstone.com\/es\/wp-json\/wp\/v2\/pages"}],"about":[{"href":"https:\/\/mos.caesarstone.com\/es\/wp-json\/wp\/v2\/types\/page"}],"author":[{"embeddable":true,"href":"https:\/\/mos.caesarstone.com\/es\/wp-json\/wp\/v2\/users\/9"}],"replies":[{"embeddable":true,"href":"https:\/\/mos.caesarstone.com\/es\/wp-json\/wp\/v2\/comments?post=4814"}],"version-history":[{"count":6,"href":"https:\/\/mos.caesarstone.com\/es\/wp-json\/wp\/v2\/pages\/4814\/revisions"}],"predecessor-version":[{"id":6643,"href":"https:\/\/mos.caesarstone.com\/es\/wp-json\/wp\/v2\/pages\/4814\/revisions\/6643"}],"wp:attachment":[{"href":"https:\/\/mos.caesarstone.com\/es\/wp-json\/wp\/v2\/media?parent=4814"}],"curies":[{"name":"wp","href":"https:\/\/api.w.org\/{rel}","templated":true}]}}